{"id":1399,"date":"2025-02-09T21:00:44","date_gmt":"2025-02-10T03:00:44","guid":{"rendered":"https:\/\/sepric.com.mx\/about-us\/"},"modified":"2025-03-26T20:15:04","modified_gmt":"2025-03-27T02:15:04","slug":"nosotros","status":"publish","type":"page","link":"https:\/\/sepric.com.mx\/?page_id=1399","title":{"rendered":"Nosotros"},"content":{"rendered":"\n<div class=\"wp-block-uagb-container uagb-block-15265ce8 alignfull uagb-is-root-container\"><div class=\"uagb-container-inner-blocks-wrap\">\n<div class=\"wp-block-uagb-advanced-heading uagb-block-2983a8e8\"><h1 class=\"uagb-heading-text\">Nosotros<\/h1><\/div>\n<\/div><\/div>\n\n\n\n<div class=\"wp-block-uagb-container uagb-block-7f272594 alignfull uagb-is-root-container\"><div class=\"uagb-container-inner-blocks-wrap\">\n<div class=\"wp-block-uagb-advanced-heading uagb-block-570c27fb\"><h2 class=\"uagb-heading-text\">PERFIL<\/h2><p class=\"uagb-desc-text\">Con m\u00e1s de 30 a\u00f1os de experiencia, Sepric Automation Process es l\u00edder en automatizaci\u00f3n industrial en M\u00e9xico. Ubicados en Cuernavaca, Morelos, nos especializamos en dise\u00f1ar, implementar y mantener soluciones avanzadas para sectores como farmac\u00e9utico, alimentario, cosm\u00e9tico y bebidas. Nos enfocamos en optimizar procesos mediante la integraci\u00f3n de sistemas automatizados que mejoran la eficiencia, seguridad y sostenibilidad, siempre con el compromiso de ofrecer soluciones que transformen la productividad de nuestros clientes y mantengan los m\u00e1s altos est\u00e1ndares de calidad.<\/p><\/div>\n<\/div><\/div>\n\n\n\n<div class=\"wp-block-uagb-container uagb-block-5be29e68 alignfull uagb-is-root-container\"><div class=\"uagb-container-inner-blocks-wrap\">\n<div class=\"wp-block-uagb-advanced-heading uagb-block-685fd6a8\"><h2 class=\"uagb-heading-text\">Nuestras Fortalezas<\/h2><\/div>\n\n\n\n<div class=\"wp-block-uagb-container uagb-block-becbe0a1 alignfull uagb-is-root-container\"><div class=\"uagb-container-inner-blocks-wrap\">\n<div class=\"wp-block-uagb-container uagb-block-d64d5aad\">\n<div class=\"wp-block-uagb-info-box uagb-block-554fb16a uagb-infobox__content-wrap  uagb-infobox-icon-above-title uagb-infobox-image-valign-top\"><div class=\"uagb-ifb-content\"><div class=\"uagb-ifb-icon-wrap\"><svg xmlns=\"https:\/\/www.w3.org\/2000\/svg\" viewBox=\"0 0 512 512\"><path d=\"M256 512C114.6 512 0 397.4 0 256C0 114.6 114.6 0 256 0C397.4 0 512 114.6 512 256C512 397.4 397.4 512 256 512zM232 256C232 264 236 271.5 242.7 275.1L338.7 339.1C349.7 347.3 364.6 344.3 371.1 333.3C379.3 322.3 376.3 307.4 365.3 300L280 243.2V120C280 106.7 269.3 96 255.1 96C242.7 96 231.1 106.7 231.1 120L232 256z\"><\/path><\/svg><\/div><div class=\"uagb-ifb-title-wrap\"><h6 class=\"uagb-ifb-title\"><strong>Servicio de Emergencia 24\/7:<\/strong><\/h6><\/div><p class=\"uagb-ifb-desc\">Atenci\u00f3n inmediata para solucionar problemas cr\u00edticos y evitar paradas en la producci\u00f3n.<\/p><\/div><\/div>\n<\/div>\n\n\n\n<div class=\"wp-block-uagb-container uagb-block-8ce82de2\">\n<div class=\"wp-block-uagb-info-box uagb-block-7d774d9b uagb-infobox__content-wrap  uagb-infobox-icon-above-title uagb-infobox-image-valign-top\"><div class=\"uagb-ifb-content\"><div class=\"uagb-ifb-icon-wrap\"><svg xmlns=\"https:\/\/www.w3.org\/2000\/svg\" viewBox=\"0 0 384 512\"><path d=\"M288 358.3c13.98-8.088 17.53-30.04 28.88-41.39c11.35-11.35 33.3-14.88 41.39-28.87c7.98-13.79 .1658-34.54 4.373-50.29C366.7 222.5 383.1 208.5 383.1 192c0-16.5-17.27-30.52-21.34-45.73c-4.207-15.75 3.612-36.5-4.365-50.29c-8.086-13.98-30.03-17.52-41.38-28.87c-11.35-11.35-14.89-33.3-28.87-41.39c-13.79-7.979-34.54-.1637-50.29-4.375C222.5 17.27 208.5 0 192 0C175.5 0 161.5 17.27 146.3 21.34C130.5 25.54 109.8 17.73 95.98 25.7C82 33.79 78.46 55.74 67.11 67.08C55.77 78.43 33.81 81.97 25.72 95.95C17.74 109.7 25.56 130.5 21.35 146.2C17.27 161.5 .0008 175.5 .0008 192c0 16.5 17.27 30.52 21.34 45.73c4.207 15.75-3.615 36.5 4.361 50.29C33.8 302 55.74 305.5 67.08 316.9c11.35 11.35 14.89 33.3 28.88 41.4c13.79 7.979 34.53 .1582 50.28 4.369C161.5 366.7 175.5 384 192 384c16.5 0 30.52-17.27 45.74-21.34C253.5 358.5 274.2 366.3 288 358.3zM112 192c0-44.27 35.81-80 80-80s80 35.73 80 80c0 44.17-35.81 80-80 80S112 236.2 112 192zM1.719 433.2c-3.25 8.188-1.781 17.48 3.875 24.25c5.656 6.75 14.53 9.898 23.12 8.148l45.19-9.035l21.43 42.27C99.46 507 107.6 512 116.7 512c.3438 0 .6641-.0117 1.008-.0273c9.5-.375 17.65-6.082 21.24-14.88l33.58-82.08c-53.71-4.639-102-28.12-138.2-63.95L1.719 433.2zM349.6 351.1c-36.15 35.83-84.45 59.31-138.2 63.95l33.58 82.08c3.594 8.797 11.74 14.5 21.24 14.88C266.6 511.1 266.1 512 267.3 512c9.094 0 17.23-4.973 21.35-13.14l21.43-42.28l45.19 9.035c8.594 1.75 17.47-1.398 23.12-8.148c5.656-6.766 7.125-16.06 3.875-24.25L349.6 351.1z\"><\/path><\/svg><\/div><div class=\"uagb-ifb-title-wrap\"><h6 class=\"uagb-ifb-title\"><strong>Garant\u00eda de Satisfacci\u00f3n<\/strong><\/h6><\/div><p class=\"uagb-ifb-desc\">Soluciones que cumplen con las expectativas de nuestros clientes, garantizando calidad.<\/p><\/div><\/div>\n<\/div>\n\n\n\n<div class=\"wp-block-uagb-container uagb-block-9d96b2ce\">\n<div class=\"wp-block-uagb-info-box uagb-block-218a7045 uagb-infobox__content-wrap  uagb-infobox-icon-above-title uagb-infobox-image-valign-top\"><div class=\"uagb-ifb-content\"><div class=\"uagb-ifb-icon-wrap\"><svg xmlns=\"https:\/\/www.w3.org\/2000\/svg\" viewBox=\"0 0 576 512\"><path d=\"M252 208C252 196.1 260.1 188 272 188H288C299 188 308 196.1 308 208V276H312C323 276 332 284.1 332 296C332 307 323 316 312 316H264C252.1 316 244 307 244 296C244 284.1 252.1 276 264 276H268V227.6C258.9 225.7 252 217.7 252 208zM512 64C547.3 64 576 92.65 576 128V384C576 419.3 547.3 448 512 448H64C28.65 448 0 419.3 0 384V128C0 92.65 28.65 64 64 64H512zM128 384C128 348.7 99.35 320 64 320V384H128zM64 192C99.35 192 128 163.3 128 128H64V192zM512 384V320C476.7 320 448 348.7 448 384H512zM512 128H448C448 163.3 476.7 192 512 192V128zM288 144C226.1 144 176 194.1 176 256C176 317.9 226.1 368 288 368C349.9 368 400 317.9 400 256C400 194.1 349.9 144 288 144z\"><\/path><\/svg><\/div><div class=\"uagb-ifb-title-wrap\"><h6 class=\"uagb-ifb-title\">Soporte Continuo:<\/h6><\/div><p class=\"uagb-ifb-desc\">Asistencia integral durante todo el ciclo de vida del sistema para mantener su rendimiento.<\/p><\/div><\/div>\n<\/div>\n\n\n\n<div class=\"wp-block-uagb-container uagb-block-39146227\">\n<div class=\"wp-block-uagb-info-box uagb-block-4e8cd326 uagb-infobox__content-wrap  uagb-infobox-icon-above-title uagb-infobox-image-valign-top\"><div class=\"uagb-ifb-content\"><div class=\"uagb-ifb-icon-wrap\"><svg xmlns=\"https:\/\/www.w3.org\/2000\/svg\" viewBox=\"0 0 640 512\"><path d=\"M512 160c44.18 0 80-35.82 80-80S556.2 0 512 0c-44.18 0-80 35.82-80 80S467.8 160 512 160zM128 160c44.18 0 80-35.82 80-80S172.2 0 128 0C83.82 0 48 35.82 48 80S83.82 160 128 160zM319.9 320c57.41 0 103.1-46.56 103.1-104c0-57.44-46.54-104-103.1-104c-57.41 0-103.1 46.56-103.1 104C215.9 273.4 262.5 320 319.9 320zM368 400c0-16.69 3.398-32.46 8.619-47.36C374.3 352.5 372.2 352 369.9 352H270.1C191.6 352 128 411.7 128 485.3C128 500.1 140.7 512 156.4 512h266.1C389.5 485.6 368 445.5 368 400zM183.9 216c0-5.449 .9824-10.63 1.609-15.91C174.6 194.1 162.6 192 149.9 192H88.08C39.44 192 0 233.8 0 285.3C0 295.6 7.887 304 17.62 304h199.5C196.7 280.2 183.9 249.7 183.9 216zM551.9 192h-61.84c-12.8 0-24.88 3.037-35.86 8.24C454.8 205.5 455.8 210.6 455.8 216c0 21.47-5.625 41.38-14.65 59.34C462.2 263.4 486.1 256 512 256c42.48 0 80.27 18.74 106.6 48h3.756C632.1 304 640 295.6 640 285.3C640 233.8 600.6 192 551.9 192zM618.1 366.7c-5.025-16.01-13.59-30.62-24.75-42.71c-1.674-1.861-4.467-2.326-6.699-1.023l-19.17 11.07c-8.096-6.887-17.4-12.28-27.45-15.82V295.1c0-2.514-1.861-4.746-4.281-5.213c-16.56-3.723-33.5-3.629-49.32 0C484.9 291.2 483.1 293.5 483.1 295.1v22.24c-10.05 3.537-19.36 8.932-27.45 15.82l-19.26-11.07c-2.139-1.303-4.932-.8379-6.697 1.023c-11.17 12.1-19.73 26.71-24.66 42.71c-.7441 2.512 .2793 5.117 2.42 6.326l19.17 11.17c-1.859 10.42-1.859 21.21 0 31.64l-19.17 11.17c-2.234 1.209-3.164 3.816-2.42 6.328c4.932 16.01 13.49 30.52 24.66 42.71c1.766 1.863 4.467 2.328 6.697 1.025l19.26-11.07c8.094 6.887 17.4 12.28 27.45 15.82v22.24c0 2.514 1.77 4.746 4.188 5.211c16.66 3.723 33.5 3.629 49.32 0c2.42-.4648 4.281-2.697 4.281-5.211v-22.24c10.05-3.535 19.36-8.932 27.45-15.82l19.17 11.07c2.141 1.303 5.025 .8379 6.699-1.025c11.17-12.1 19.73-26.7 24.75-42.71c.7441-2.512-.2773-5.119-2.512-6.328l-19.17-11.17c1.953-10.42 1.953-21.22 0-31.64l19.17-11.17C618.7 371.8 619.7 369.2 618.1 366.7zM512 432c-17.67 0-32-14.33-32-32c0-17.67 14.33-32 32-32s32 14.33 32 32C544 417.7 529.7 432 512 432z\"><\/path><\/svg><\/div><div class=\"uagb-ifb-title-wrap\"><h6 class=\"uagb-ifb-title\"><strong>+30 A\u00f1os de Experiencia<\/strong><\/h6><\/div><p class=\"uagb-ifb-desc\">Tres d\u00e9cadas ofreciendo soluciones confiables en automatizaci\u00f3n industrial.<\/p><\/div><\/div>\n<\/div>\n<\/div><\/div>\n<\/div><\/div>\n\n\n\n<div class=\"wp-block-uagb-container uagb-block-e5b66e63 alignfull uagb-is-root-container\"><div class=\"uagb-container-inner-blocks-wrap\">\n<div class=\"wp-block-uagb-info-box uagb-block-127f485f uagb-infobox__content-wrap  uagb-infobox-icon-left uagb-infobox-left uagb-infobox-stacked-mobile uagb-infobox-image-valign-top\"><div class=\"uagb-ifb-icon-wrap\"><svg xmlns=\"https:\/\/www.w3.org\/2000\/svg\" viewBox=\"0 0 448 512\"><path d=\"M285.6 444.1C279.8 458.3 264.8 466.3 249.8 463.4C234.8 460.4 223.1 447.3 223.1 432V256H47.1C32.71 256 19.55 245.2 16.6 230.2C13.65 215.2 21.73 200.2 35.88 194.4L387.9 50.38C399.8 45.5 413.5 48.26 422.6 57.37C431.7 66.49 434.5 80.19 429.6 92.12L285.6 444.1z\"><\/path><\/svg><\/div><div class=\"uagb-ifb-content\"><div class=\"uagb-ifb-title-wrap\"><h6 class=\"uagb-ifb-title\">Direccion:<\/h6><\/div><p class=\"uagb-ifb-desc\"><a href=\"https:\/\/sepric.com.mx\/221-2\/#\">Calle Ignacio Zaragoza #60, Col. Jiquilpan, Cuernavaca, Morelos. CP 62170<\/a><\/p><\/div><\/div>\n\n\n\n<div class=\"wp-block-uagb-info-box uagb-block-3c6c03f4 uagb-infobox__content-wrap  uagb-infobox-icon-left uagb-infobox-left uagb-infobox-stacked-mobile uagb-infobox-image-valign-top\"><div class=\"uagb-ifb-icon-wrap\"><svg xmlns=\"https:\/\/www.w3.org\/2000\/svg\" viewBox=\"0 0 512 512\"><path d=\"M464 64C490.5 64 512 85.49 512 112C512 127.1 504.9 141.3 492.8 150.4L275.2 313.6C263.8 322.1 248.2 322.1 236.8 313.6L19.2 150.4C7.113 141.3 0 127.1 0 112C0 85.49 21.49 64 48 64H464zM217.6 339.2C240.4 356.3 271.6 356.3 294.4 339.2L512 176V384C512 419.3 483.3 448 448 448H64C28.65 448 0 419.3 0 384V176L217.6 339.2z\"><\/path><\/svg><\/div><div class=\"uagb-ifb-content\"><div class=\"uagb-ifb-title-wrap\"><h6 class=\"uagb-ifb-title\">Email:<\/h6><\/div><p class=\"uagb-ifb-desc\">direccion@sepric.com.mx<\/p><\/div><\/div>\n\n\n\n<div class=\"wp-block-uagb-info-box uagb-block-9f5291c5 uagb-infobox__content-wrap  uagb-infobox-icon-left uagb-infobox-left uagb-infobox-stacked-mobile uagb-infobox-image-valign-top\"><div class=\"uagb-ifb-icon-wrap\"><svg xmlns=\"https:\/\/www.w3.org\/2000\/svg\" viewBox=\"0 0 512 512\"><path d=\"M256 512C114.6 512 0 397.4 0 256C0 114.6 114.6 0 256 0C397.4 0 512 114.6 512 256C512 397.4 397.4 512 256 512zM232 256C232 264 236 271.5 242.7 275.1L338.7 339.1C349.7 347.3 364.6 344.3 371.1 333.3C379.3 322.3 376.3 307.4 365.3 300L280 243.2V120C280 106.7 269.3 96 255.1 96C242.7 96 231.1 106.7 231.1 120L232 256z\"><\/path><\/svg><\/div><div class=\"uagb-ifb-content\"><div class=\"uagb-ifb-title-wrap\"><h6 class=\"uagb-ifb-title\">Horario<\/h6><\/div><p class=\"uagb-ifb-desc\">Lun-Sab: 9am &#8211; 6pm<\/p><\/div><\/div>\n<\/div><\/div>\n\n\n\n<p><\/p>\n","protected":false},"excerpt":{"rendered":"<p>Nosotros PERFIL Con m\u00e1s de 30 a\u00f1os de experiencia, Sepric Automation Process es l\u00edder en automatizaci\u00f3n industrial en M\u00e9xico. Ubicados en Cuernavaca, Morelos, nos especializamos en dise\u00f1ar, implementar y mantener soluciones avanzadas para sectores como farmac\u00e9utico, alimentario, cosm\u00e9tico y bebidas. Nos enfocamos en optimizar procesos mediante la integraci\u00f3n de sistemas automatizados que mejoran la eficiencia, [&hellip;]<\/p>\n","protected":false},"author":1,"featured_media":0,"parent":0,"menu_order":0,"comment_status":"closed","ping_status":"closed","template":"","meta":{"_uag_custom_page_level_css":"","site-sidebar-layout":"default","site-content-layout":"page-builder","ast-site-content-layout":"full-width-container","site-content-style":"unboxed","site-sidebar-style":"unboxed","ast-global-header-display":"","ast-banner-title-visibility":"","ast-main-header-display":"","ast-hfb-above-header-display":"","ast-hfb-below-header-display":"","ast-hfb-mobile-header-display":"","site-post-title":"disabled","ast-breadcrumbs-content":"","ast-featured-img":"","footer-sml-layout":"","theme-transparent-header-meta":"","adv-header-id-meta":"","stick-header-meta":"","header-above-stick-meta":"","header-main-stick-meta":"","header-below-stick-meta":"","astra-migrate-meta-layouts":"set","ast-page-background-enabled":"default","ast-page-background-meta":{"desktop":{"background-color":"","background-image":"","background-repeat":"repeat","background-position":"center center","background-size":"auto","background-attachment":"scroll","background-type":"","background-media":"","overlay-type":"","overlay-color":"","overlay-opacity":"","overlay-gradient":""},"tablet":{"background-color":"","background-image":"","background-repeat":"repeat","background-position":"center center","background-size":"auto","background-attachment":"scroll","background-type":"","background-media":"","overlay-type":"","overlay-color":"","overlay-opacity":"","overlay-gradient":""},"mobile":{"background-color":"","background-image":"","background-repeat":"repeat","background-position":"center center","background-size":"auto","background-attachment":"scroll","background-type":"","background-media":"","overlay-type":"","overlay-color":"","overlay-opacity":"","overlay-gradient":""}},"ast-content-background-meta":{"desktop":{"background-color":"var(--ast-global-color-5)","background-image":"","background-repeat":"repeat","background-position":"center center","background-size":"auto","background-attachment":"scroll","background-type":"","background-media":"","overlay-type":"","overlay-color":"","overlay-opacity":"","overlay-gradient":""},"tablet":{"background-color":"var(--ast-global-color-5)","background-image":"","background-repeat":"repeat","background-position":"center center","background-size":"auto","background-attachment":"scroll","background-type":"","background-media":"","overlay-type":"","overlay-color":"","overlay-opacity":"","overlay-gradient":""},"mobile":{"background-color":"var(--ast-global-color-5)","background-image":"","background-repeat":"repeat","background-position":"center center","background-size":"auto","background-attachment":"scroll","background-type":"","background-media":"","overlay-type":"","overlay-color":"","overlay-opacity":"","overlay-gradient":""}},"footnotes":""},"class_list":["post-1399","page","type-page","status-publish","hentry"],"yoast_head":"<!-- This site is optimized with the Yoast SEO plugin v24.4 - https:\/\/yoast.com\/wordpress\/plugins\/seo\/ -->\n<title>Nosotros -<\/title>\n<meta name=\"robots\" content=\"index, follow, max-snippet:-1, max-image-preview:large, max-video-preview:-1\" \/>\n<link rel=\"canonical\" href=\"https:\/\/sepric.com.mx\/?page_id=1399\" \/>\n<meta property=\"og:locale\" content=\"es_ES\" \/>\n<meta property=\"og:type\" content=\"article\" \/>\n<meta property=\"og:title\" content=\"Nosotros -\" \/>\n<meta property=\"og:description\" content=\"Nosotros PERFIL Con m\u00e1s de 30 a\u00f1os de experiencia, Sepric Automation Process es l\u00edder en automatizaci\u00f3n industrial en M\u00e9xico. Ubicados en Cuernavaca, Morelos, nos especializamos en dise\u00f1ar, implementar y mantener soluciones avanzadas para sectores como farmac\u00e9utico, alimentario, cosm\u00e9tico y bebidas. Nos enfocamos en optimizar procesos mediante la integraci\u00f3n de sistemas automatizados que mejoran la eficiencia, [&hellip;]\" \/>\n<meta property=\"og:url\" content=\"https:\/\/sepric.com.mx\/?page_id=1399\" \/>\n<meta property=\"article:modified_time\" content=\"2025-03-27T02:15:04+00:00\" \/>\n<meta property=\"og:image\" content=\"https:\/\/sepric.com.mx\/wp-content\/uploads\/2024\/10\/cropped-logo-2.png\" \/>\n\t<meta property=\"og:image:width\" content=\"512\" \/>\n\t<meta property=\"og:image:height\" content=\"512\" \/>\n\t<meta property=\"og:image:type\" content=\"image\/png\" \/>\n<meta name=\"twitter:card\" content=\"summary_large_image\" \/>\n<meta name=\"twitter:label1\" content=\"Tiempo de lectura\" \/>\n\t<meta name=\"twitter:data1\" content=\"1 minuto\" \/>\n<script type=\"application\/ld+json\" class=\"yoast-schema-graph\">{\"@context\":\"https:\/\/schema.org\",\"@graph\":[{\"@type\":\"WebPage\",\"@id\":\"https:\/\/sepric.com.mx\/?page_id=1399\",\"url\":\"https:\/\/sepric.com.mx\/?page_id=1399\",\"name\":\"Nosotros -\",\"isPartOf\":{\"@id\":\"https:\/\/sepric.com.mx\/#website\"},\"datePublished\":\"2025-02-10T03:00:44+00:00\",\"dateModified\":\"2025-03-27T02:15:04+00:00\",\"breadcrumb\":{\"@id\":\"https:\/\/sepric.com.mx\/?page_id=1399#breadcrumb\"},\"inLanguage\":\"es\",\"potentialAction\":[{\"@type\":\"ReadAction\",\"target\":[\"https:\/\/sepric.com.mx\/?page_id=1399\"]}]},{\"@type\":\"BreadcrumbList\",\"@id\":\"https:\/\/sepric.com.mx\/?page_id=1399#breadcrumb\",\"itemListElement\":[{\"@type\":\"ListItem\",\"position\":1,\"name\":\"Portada\",\"item\":\"https:\/\/sepric.com.mx\/\"},{\"@type\":\"ListItem\",\"position\":2,\"name\":\"Nosotros\"}]},{\"@type\":\"WebSite\",\"@id\":\"https:\/\/sepric.com.mx\/#website\",\"url\":\"https:\/\/sepric.com.mx\/\",\"name\":\"Sepric Automation Process\",\"description\":\"En Sepric Automation Process, somos l\u00edderes en soluciones de automatizaci\u00f3n industrial, con m\u00e1s de 35 a\u00f1os de experiencia y m\u00e1s de 100 proyectos exitosos. Nos dedicamos a optimizar tus procesos industriales mediante tecnolog\u00edas avanzadas, garantizando eficiencia, seguridad y rentabilidad.\",\"publisher\":{\"@id\":\"https:\/\/sepric.com.mx\/#organization\"},\"potentialAction\":[{\"@type\":\"SearchAction\",\"target\":{\"@type\":\"EntryPoint\",\"urlTemplate\":\"https:\/\/sepric.com.mx\/?s={search_term_string}\"},\"query-input\":{\"@type\":\"PropertyValueSpecification\",\"valueRequired\":true,\"valueName\":\"search_term_string\"}}],\"inLanguage\":\"es\"},{\"@type\":\"Organization\",\"@id\":\"https:\/\/sepric.com.mx\/#organization\",\"name\":\"Sepric Automation Process\",\"url\":\"https:\/\/sepric.com.mx\/\",\"logo\":{\"@type\":\"ImageObject\",\"inLanguage\":\"es\",\"@id\":\"https:\/\/sepric.com.mx\/#\/schema\/logo\/image\/\",\"url\":\"https:\/\/sepric.com.mx\/wp-content\/uploads\/2024\/10\/cropped-cropped-logo-2-1.png\",\"contentUrl\":\"https:\/\/sepric.com.mx\/wp-content\/uploads\/2024\/10\/cropped-cropped-logo-2-1.png\",\"width\":238,\"height\":73,\"caption\":\"Sepric Automation Process\"},\"image\":{\"@id\":\"https:\/\/sepric.com.mx\/#\/schema\/logo\/image\/\"}}]}<\/script>\n<!-- \/ Yoast SEO plugin. -->","yoast_head_json":{"title":"Nosotros -","robots":{"index":"index","follow":"follow","max-snippet":"max-snippet:-1","max-image-preview":"max-image-preview:large","max-video-preview":"max-video-preview:-1"},"canonical":"https:\/\/sepric.com.mx\/?page_id=1399","og_locale":"es_ES","og_type":"article","og_title":"Nosotros -","og_description":"Nosotros PERFIL Con m\u00e1s de 30 a\u00f1os de experiencia, Sepric Automation Process es l\u00edder en automatizaci\u00f3n industrial en M\u00e9xico. Ubicados en Cuernavaca, Morelos, nos especializamos en dise\u00f1ar, implementar y mantener soluciones avanzadas para sectores como farmac\u00e9utico, alimentario, cosm\u00e9tico y bebidas. Nos enfocamos en optimizar procesos mediante la integraci\u00f3n de sistemas automatizados que mejoran la eficiencia, [&hellip;]","og_url":"https:\/\/sepric.com.mx\/?page_id=1399","article_modified_time":"2025-03-27T02:15:04+00:00","og_image":[{"width":512,"height":512,"url":"https:\/\/sepric.com.mx\/wp-content\/uploads\/2024\/10\/cropped-logo-2.png","type":"image\/png"}],"twitter_card":"summary_large_image","twitter_misc":{"Tiempo de lectura":"1 minuto"},"schema":{"@context":"https:\/\/schema.org","@graph":[{"@type":"WebPage","@id":"https:\/\/sepric.com.mx\/?page_id=1399","url":"https:\/\/sepric.com.mx\/?page_id=1399","name":"Nosotros -","isPartOf":{"@id":"https:\/\/sepric.com.mx\/#website"},"datePublished":"2025-02-10T03:00:44+00:00","dateModified":"2025-03-27T02:15:04+00:00","breadcrumb":{"@id":"https:\/\/sepric.com.mx\/?page_id=1399#breadcrumb"},"inLanguage":"es","potentialAction":[{"@type":"ReadAction","target":["https:\/\/sepric.com.mx\/?page_id=1399"]}]},{"@type":"BreadcrumbList","@id":"https:\/\/sepric.com.mx\/?page_id=1399#breadcrumb","itemListElement":[{"@type":"ListItem","position":1,"name":"Portada","item":"https:\/\/sepric.com.mx\/"},{"@type":"ListItem","position":2,"name":"Nosotros"}]},{"@type":"WebSite","@id":"https:\/\/sepric.com.mx\/#website","url":"https:\/\/sepric.com.mx\/","name":"Sepric Automation Process","description":"En Sepric Automation Process, somos l\u00edderes en soluciones de automatizaci\u00f3n industrial, con m\u00e1s de 35 a\u00f1os de experiencia y m\u00e1s de 100 proyectos exitosos. Nos dedicamos a optimizar tus procesos industriales mediante tecnolog\u00edas avanzadas, garantizando eficiencia, seguridad y rentabilidad.","publisher":{"@id":"https:\/\/sepric.com.mx\/#organization"},"potentialAction":[{"@type":"SearchAction","target":{"@type":"EntryPoint","urlTemplate":"https:\/\/sepric.com.mx\/?s={search_term_string}"},"query-input":{"@type":"PropertyValueSpecification","valueRequired":true,"valueName":"search_term_string"}}],"inLanguage":"es"},{"@type":"Organization","@id":"https:\/\/sepric.com.mx\/#organization","name":"Sepric Automation Process","url":"https:\/\/sepric.com.mx\/","logo":{"@type":"ImageObject","inLanguage":"es","@id":"https:\/\/sepric.com.mx\/#\/schema\/logo\/image\/","url":"https:\/\/sepric.com.mx\/wp-content\/uploads\/2024\/10\/cropped-cropped-logo-2-1.png","contentUrl":"https:\/\/sepric.com.mx\/wp-content\/uploads\/2024\/10\/cropped-cropped-logo-2-1.png","width":238,"height":73,"caption":"Sepric Automation Process"},"image":{"@id":"https:\/\/sepric.com.mx\/#\/schema\/logo\/image\/"}}]}},"uagb_featured_image_src":{"full":false,"thumbnail":false,"medium":false,"medium_large":false,"large":false,"1536x1536":false,"2048x2048":false},"uagb_author_info":{"display_name":"DAMIAN","author_link":"https:\/\/sepric.com.mx\/?author=1"},"uagb_comment_info":0,"uagb_excerpt":"Nosotros PERFIL Con m\u00e1s de 30 a\u00f1os de experiencia, Sepric Automation Process es l\u00edder en automatizaci\u00f3n industrial en M\u00e9xico. Ubicados en Cuernavaca, Morelos, nos especializamos en dise\u00f1ar, implementar y mantener soluciones avanzadas para sectores como farmac\u00e9utico, alimentario, cosm\u00e9tico y bebidas. Nos enfocamos en optimizar procesos mediante la integraci\u00f3n de sistemas automatizados que mejoran la eficiencia,&hellip;","_links":{"self":[{"href":"https:\/\/sepric.com.mx\/index.php?rest_route=\/wp\/v2\/pages\/1399","targetHints":{"allow":["GET"]}}],"collection":[{"href":"https:\/\/sepric.com.mx\/index.php?rest_route=\/wp\/v2\/pages"}],"about":[{"href":"https:\/\/sepric.com.mx\/index.php?rest_route=\/wp\/v2\/types\/page"}],"author":[{"embeddable":true,"href":"https:\/\/sepric.com.mx\/index.php?rest_route=\/wp\/v2\/users\/1"}],"replies":[{"embeddable":true,"href":"https:\/\/sepric.com.mx\/index.php?rest_route=%2Fwp%2Fv2%2Fcomments&post=1399"}],"version-history":[{"count":3,"href":"https:\/\/sepric.com.mx\/index.php?rest_route=\/wp\/v2\/pages\/1399\/revisions"}],"predecessor-version":[{"id":1684,"href":"https:\/\/sepric.com.mx\/index.php?rest_route=\/wp\/v2\/pages\/1399\/revisions\/1684"}],"wp:attachment":[{"href":"https:\/\/sepric.com.mx\/index.php?rest_route=%2Fwp%2Fv2%2Fmedia&parent=1399"}],"curies":[{"name":"wp","href":"https:\/\/api.w.org\/{rel}","templated":true}]}}