{"id":1402,"date":"2025-02-09T21:00:45","date_gmt":"2025-02-10T03:00:45","guid":{"rendered":"https:\/\/sepric.com.mx\/contact\/"},"modified":"2025-02-13T14:01:17","modified_gmt":"2025-02-13T20:01:17","slug":"contacto","status":"publish","type":"page","link":"https:\/\/sepric.com.mx\/?page_id=1402","title":{"rendered":"Contact"},"content":{"rendered":"\n<div class=\"wp-block-uagb-container uagb-block-c3916f35 alignfull uagb-is-root-container\"><div class=\"uagb-container-inner-blocks-wrap\">\n<div class=\"wp-block-uagb-advanced-heading uagb-block-7a6f273f\"><h1 class=\"uagb-heading-text\">Contacto<\/h1><\/div>\n<\/div><\/div>\n\n\n\n<div class=\"wp-block-uagb-container uag-blocks-common-selector uagb-block-12122877 alignfull uagb-is-root-container\"><div class=\"uagb-container-inner-blocks-wrap\">\n<div class=\"wp-block-uagb-container uagb-block-08e7a09c\">\n<div class=\"wp-block-uagb-info-box uagb-block-863031d4 uagb-infobox__content-wrap  uagb-infobox-icon-above-title uagb-infobox-image-valign-top wp-block-uagb-info-box--has-margin\"><div class=\"uagb-infobox-margin-wrapper\"><div class=\"uagb-ifb-content\"><div class=\"uagb-ifb-title-wrap\"><h2 class=\"uagb-ifb-title-prefix\"><strong>Solicita una Cotizaci\u00f3n <\/strong><\/h2><p class=\"uagb-ifb-title\">\u00bfBuscas optimizar tus procesos industriales? Cont\u00e1ctanos y recibe una cotizaci\u00f3n personalizada sin costo. Nuestro equipo de expertos est\u00e1 listo para analizar tus necesidades y ofrecerte soluciones de automatizaci\u00f3n y tecnolog\u00eda que impulsen la eficiencia y el rendimiento de tu negocio. \u00a1No esperes m\u00e1s para transformar tu operaci\u00f3n!<\/p><\/div><\/div><\/div><\/div>\n\n\n\n<div class=\"wp-block-uagb-info-box uagb-block-53b7845f uagb-infobox__content-wrap  uagb-infobox-icon-left uagb-infobox-left uagb-infobox-stacked-mobile uagb-infobox-image-valign-top wp-block-uagb-info-box--has-margin\"><div class=\"uagb-infobox-margin-wrapper\"><div class=\"uagb-ifb-icon-wrap\"><div class=\"uagb-iconbox-icon-wrap uagb-infobox-shape-circle\"><svg xmlns=\"https:\/\/www.w3.org\/2000\/svg\" viewBox=\"0 0 384 512\"><path d=\"M168.3 499.2C116.1 435 0 279.4 0 192C0 85.96 85.96 0 192 0C298 0 384 85.96 384 192C384 279.4 267 435 215.7 499.2C203.4 514.5 180.6 514.5 168.3 499.2H168.3zM192 256C227.3 256 256 227.3 256 192C256 156.7 227.3 128 192 128C156.7 128 128 156.7 128 192C128 227.3 156.7 256 192 256z\"><\/path><\/svg><\/div><\/div><div class=\"uagb-ifb-content\"><div class=\"uagb-ifb-title-wrap\"><h5 class=\"uagb-ifb-title\">Direcci\u00f3n<\/h5><\/div><p class=\"uagb-ifb-desc\">Calle Ignacio Zaragoza #60, Col. Jiquilpan, Cuernavaca, Morelos. CP 62170<\/p><\/div><\/div><\/div>\n\n\n\n<div class=\"wp-block-uagb-container uagb-block-8ff290c5\">\n<div class=\"wp-block-uagb-info-box uagb-block-5db72099 uagb-infobox__content-wrap  uagb-infobox-icon-left uagb-infobox-left uagb-infobox-stacked-mobile uagb-infobox-image-valign-top wp-block-uagb-info-box--has-margin\"><div class=\"uagb-infobox-margin-wrapper\"><div class=\"uagb-ifb-icon-wrap\"><div class=\"uagb-iconbox-icon-wrap uagb-infobox-shape-circle\"><svg xmlns=\"https:\/\/www.w3.org\/2000\/svg\" viewBox=\"0 0 512 512\"><path d=\"M18.92 351.2l108.5-46.52c12.78-5.531 27.77-1.801 36.45 8.98l44.09 53.82c69.25-34 125.5-90.31 159.5-159.5l-53.81-44.04c-10.75-8.781-14.41-23.69-8.974-36.47l46.51-108.5c6.094-13.91 21.1-21.52 35.79-18.11l100.8 23.25c14.25 3.25 24.22 15.8 24.22 30.46c0 252.3-205.2 457.5-457.5 457.5c-14.67 0-27.18-9.968-30.45-24.22l-23.25-100.8C-2.571 372.4 5.018 357.2 18.92 351.2z\"><\/path><\/svg><\/div><\/div><div class=\"uagb-ifb-content\"><div class=\"uagb-ifb-title-wrap\"><h5 class=\"uagb-ifb-title\">Ll\u00e1manos<\/h5><\/div><p class=\"uagb-ifb-desc\">777 104 3307<\/p><\/div><\/div><\/div>\n\n\n\n<div class=\"wp-block-uagb-info-box uagb-block-ba63eb9b uagb-infobox__content-wrap  uagb-infobox-icon-left uagb-infobox-left uagb-infobox-stacked-mobile uagb-infobox-image-valign-top wp-block-uagb-info-box--has-margin\"><div class=\"uagb-infobox-margin-wrapper\"><div class=\"uagb-ifb-icon-wrap\"><div class=\"uagb-iconbox-icon-wrap uagb-infobox-shape-circle\"><svg xmlns=\"https:\/\/www.w3.org\/2000\/svg\" viewBox=\"0 0 512 512\"><path d=\"M464 64C490.5 64 512 85.49 512 112C512 127.1 504.9 141.3 492.8 150.4L275.2 313.6C263.8 322.1 248.2 322.1 236.8 313.6L19.2 150.4C7.113 141.3 0 127.1 0 112C0 85.49 21.49 64 48 64H464zM217.6 339.2C240.4 356.3 271.6 356.3 294.4 339.2L512 176V384C512 419.3 483.3 448 448 448H64C28.65 448 0 419.3 0 384V176L217.6 339.2z\"><\/path><\/svg><\/div><\/div><div class=\"uagb-ifb-content\"><div class=\"uagb-ifb-title-wrap\"><h5 class=\"uagb-ifb-title\">Email<\/h5><\/div><p class=\"uagb-ifb-desc\">ventas@sepric.com.mx<\/p><\/div><\/div><\/div>\n<\/div>\n\n\n\n<div class=\"wp-block-uagb-container uagb-block-2f46e9a7\">\n<div class=\"wp-block-uagb-info-box uagb-block-a0dbdfe8 uagb-infobox__content-wrap  uagb-infobox-icon-left uagb-infobox-left uagb-infobox-image-valign-middle wp-block-uagb-info-box--has-margin\"><div class=\"uagb-infobox-margin-wrapper\"><div class=\"uagb-ifb-icon-wrap\"><div class=\"uagb-iconbox-icon-wrap uagb-infobox-shape-circle\"><svg xmlns=\"https:\/\/www.w3.org\/2000\/svg\" viewBox=\"0 0 512 512\"><path d=\"M511.2 387l-23.25 100.8c-3.266 14.25-15.79 24.22-30.46 24.22C205.2 512 0 306.8 0 54.5c0-14.66 9.969-27.2 24.22-30.45l100.8-23.25C139.7-2.602 154.7 5.018 160.8 18.92l46.52 108.5c5.438 12.78 1.77 27.67-8.98 36.45L144.5 207.1c33.98 69.22 90.26 125.5 159.5 159.5l44.08-53.8c8.688-10.78 23.69-14.51 36.47-8.975l108.5 46.51C506.1 357.2 514.6 372.4 511.2 387z\"><\/path><\/svg><\/div><\/div><div class=\"uagb-ifb-content\"><div class=\"uagb-ifb-title-wrap\"><h5 class=\"uagb-ifb-title\">Servicio de emergencias 24\/7<\/h5><\/div><p class=\"uagb-ifb-desc\">777 404 8147<\/p><\/div><\/div><\/div>\n<\/div>\n<\/div>\n\n\n\n<div class=\"wp-block-uagb-container uagb-block-e9ab76b0\">\n<div class=\"wp-block-uagb-forms uagb-forms__outer-wrap uagb-block-9c124112 uagb-forms__medium-btn\"><form class=\"uagb-forms-main-form\" method=\"post\" autocomplete=\"on\" name=\"uagb-form-9c124112\">\n<div class=\"wp-block-uagb-forms-name uagb-forms-name-wrap uagb-forms-field-set uagb-block-318fdd43\"><div class=\"uagb-forms-name-label required uagb-forms-input-label\" id=\"318fdd43\">First Name<\/div><input type=\"text\" placeholder=\"Nombre Completo\" required class=\"uagb-forms-name-input uagb-forms-input\" name=\"318fdd43\" autocomplete=\"given-name\"\/><\/div>\n\n\n\n<div class=\"wp-block-uagb-forms-email uagb-forms-email-wrap uagb-forms-field-set uagb-block-22f8fe89\"><div class=\"uagb-forms-email-label required uagb-forms-input-label\" id=\"22f8fe89\">Email<\/div><input type=\"email\" class=\"uagb-forms-email-input uagb-forms-input\" placeholder=\"Email\" required name=\"22f8fe89\" autocomplete=\"email\"\/><\/div>\n\n\n\n<div class=\"wp-block-uagb-forms-name uagb-forms-name-wrap uagb-forms-field-set uagb-block-422ecf30\"><div class=\"uagb-forms-name-label required uagb-forms-input-label\" id=\"422ecf30\">Last Name<\/div><input type=\"text\" placeholder=\"Numero de Telefono\" required class=\"uagb-forms-name-input uagb-forms-input\" name=\"422ecf30\" autocomplete=\"family-name\"\/><\/div>\n\n\n\n<div class=\"wp-block-uagb-forms-name uagb-forms-name-wrap uagb-forms-field-set uagb-block-66374719\"><div class=\"uagb-forms-name-label required uagb-forms-input-label\" id=\"66374719\">Last Name<\/div><input type=\"text\" placeholder=\"Tema\" required class=\"uagb-forms-name-input uagb-forms-input\" name=\"66374719\" autocomplete=\"family-name\"\/><\/div>\n\n\n\n<div class=\"wp-block-uagb-forms-textarea uagb-forms-textarea-wrap uagb-forms-field-set uagb-block-a2a7c55f\"><div class=\"uagb-forms-textarea-label required uagb-forms-input-label\" id=\"a2a7c55f\">Message<\/div><textarea required class=\"uagb-forms-textarea-input uagb-forms-input\" rows=\"4\" placeholder=\"Mensaje\" name=\"a2a7c55f\" autocomplete=\"off\"><\/textarea><\/div>\n<div class=\"uagb-forms-form-hidden-data\"><input type=\"hidden\" class=\"uagb_forms_form_label\" value=\"\"\/><input type=\"hidden\" class=\"uagb_forms_form_id\" value=\"uagb-form-9c124112\"\/><\/div><div class=\"uagb-form-reacaptcha-error-9c124112\"><\/div><div class=\"uagb-forms-main-submit-button-wrap wp-block-button\"><button class=\"uagb-forms-main-submit-button wp-block-button__link\"><div class=\"uagb-forms-main-submit-button-text\">Enviar Mensaje<\/div><\/button><\/div><\/form><div class=\"uagb-forms-success-message-9c124112 uagb-forms-submit-message-hide\"><span>El mensaje ha sido enviado correctamente<\/span><\/div><div class=\"uagb-forms-failed-message-9c124112 uagb-forms-submit-message-hide\"><span>Ha habido un error, contacte a un agente.<\/span><\/div><\/div>\n<\/div>\n<\/div><\/div>\n\n\n\n<div style=\"height:114px\" aria-hidden=\"true\" class=\"wp-block-spacer\"><\/div>\n\n\n\t\t\t<div \n\t\t\tclass=\"wp-block-uagb-google-map uagb-google-map__wrap uagb-block-4b5d6984     \"\n\t\t\tstyle=\"\" >\n\t\t\t\t<embed\n\t\t\t\t\tclass=\"uagb-google-map__iframe\"\n\t\t\t\t\ttitle=\"Mapa de Google de\"\n\t\t\t\t\tsrc=\"https:\/\/maps.google.com\/maps?q=Sepric%20cuernavaca&#038;z=14&#038;hl=es&#038;t=m&#038;output=embed&#038;iwloc=near\"\n\t\t\t\t\twidth=\"640\"\n\t\t\t\t\theight=\"541\"\n\t\t\t\t\tloading=\"lazy\"\n\t\t\t\t><\/embed>\n\t\t\t<\/div>\n\t\t\t","protected":false},"excerpt":{"rendered":"<p>Contacto<\/p>\n","protected":false},"author":1,"featured_media":0,"parent":0,"menu_order":0,"comment_status":"closed","ping_status":"closed","template":"","meta":{"_uag_custom_page_level_css":"","site-sidebar-layout":"default","site-content-layout":"page-builder","ast-site-content-layout":"full-width-container","site-content-style":"unboxed","site-sidebar-style":"unboxed","ast-global-header-display":"","ast-banner-title-visibility":"","ast-main-header-display":"","ast-hfb-above-header-display":"","ast-hfb-below-header-display":"","ast-hfb-mobile-header-display":"","site-post-title":"disabled","ast-breadcrumbs-content":"","ast-featured-img":"","footer-sml-layout":"","theme-transparent-header-meta":"","adv-header-id-meta":"","stick-header-meta":"","header-above-stick-meta":"","header-main-stick-meta":"","header-below-stick-meta":"","astra-migrate-meta-layouts":"set","ast-page-background-enabled":"default","ast-page-background-meta":{"desktop":{"background-color":"","background-image":"","background-repeat":"repeat","background-position":"center center","background-size":"auto","background-attachment":"scroll","background-type":"","background-media":"","overlay-type":"","overlay-color":"","overlay-opacity":"","overlay-gradient":""},"tablet":{"background-color":"","background-image":"","background-repeat":"repeat","background-position":"center center","background-size":"auto","background-attachment":"scroll","background-type":"","background-media":"","overlay-type":"","overlay-color":"","overlay-opacity":"","overlay-gradient":""},"mobile":{"background-color":"","background-image":"","background-repeat":"repeat","background-position":"center center","background-size":"auto","background-attachment":"scroll","background-type":"","background-media":"","overlay-type":"","overlay-color":"","overlay-opacity":"","overlay-gradient":""}},"ast-content-background-meta":{"desktop":{"background-color":"var(--ast-global-color-5)","background-image":"","background-repeat":"repeat","background-position":"center center","background-size":"auto","background-attachment":"scroll","background-type":"","background-media":"","overlay-type":"","overlay-color":"","overlay-opacity":"","overlay-gradient":""},"tablet":{"background-color":"var(--ast-global-color-5)","background-image":"","background-repeat":"repeat","background-position":"center center","background-size":"auto","background-attachment":"scroll","background-type":"","background-media":"","overlay-type":"","overlay-color":"","overlay-opacity":"","overlay-gradient":""},"mobile":{"background-color":"var(--ast-global-color-5)","background-image":"","background-repeat":"repeat","background-position":"center center","background-size":"auto","background-attachment":"scroll","background-type":"","background-media":"","overlay-type":"","overlay-color":"","overlay-opacity":"","overlay-gradient":""}},"footnotes":""},"class_list":["post-1402","page","type-page","status-publish","hentry"],"yoast_head":"<!-- This site is optimized with the Yoast SEO plugin v24.4 - https:\/\/yoast.com\/wordpress\/plugins\/seo\/ -->\n<title>Contact -<\/title>\n<meta name=\"robots\" content=\"index, follow, max-snippet:-1, max-image-preview:large, max-video-preview:-1\" \/>\n<link rel=\"canonical\" href=\"https:\/\/sepric.com.mx\/?page_id=1402\" \/>\n<meta property=\"og:locale\" content=\"es_ES\" \/>\n<meta property=\"og:type\" content=\"article\" \/>\n<meta property=\"og:title\" content=\"Contact -\" \/>\n<meta property=\"og:description\" content=\"Contacto\" \/>\n<meta property=\"og:url\" content=\"https:\/\/sepric.com.mx\/?page_id=1402\" \/>\n<meta property=\"article:modified_time\" content=\"2025-02-13T20:01:17+00:00\" \/>\n<meta property=\"og:image\" content=\"https:\/\/sepric.com.mx\/wp-content\/uploads\/2024\/10\/cropped-logo-2.png\" \/>\n\t<meta property=\"og:image:width\" content=\"512\" \/>\n\t<meta property=\"og:image:height\" content=\"512\" \/>\n\t<meta property=\"og:image:type\" content=\"image\/png\" \/>\n<meta name=\"twitter:card\" content=\"summary_large_image\" \/>\n<meta name=\"twitter:label1\" content=\"Tiempo de lectura\" \/>\n\t<meta name=\"twitter:data1\" content=\"1 minuto\" \/>\n<script type=\"application\/ld+json\" class=\"yoast-schema-graph\">{\"@context\":\"https:\/\/schema.org\",\"@graph\":[{\"@type\":\"WebPage\",\"@id\":\"https:\/\/sepric.com.mx\/?page_id=1402\",\"url\":\"https:\/\/sepric.com.mx\/?page_id=1402\",\"name\":\"Contact -\",\"isPartOf\":{\"@id\":\"https:\/\/sepric.com.mx\/#website\"},\"datePublished\":\"2025-02-10T03:00:45+00:00\",\"dateModified\":\"2025-02-13T20:01:17+00:00\",\"breadcrumb\":{\"@id\":\"https:\/\/sepric.com.mx\/?page_id=1402#breadcrumb\"},\"inLanguage\":\"es\",\"potentialAction\":[{\"@type\":\"ReadAction\",\"target\":[\"https:\/\/sepric.com.mx\/?page_id=1402\"]}]},{\"@type\":\"BreadcrumbList\",\"@id\":\"https:\/\/sepric.com.mx\/?page_id=1402#breadcrumb\",\"itemListElement\":[{\"@type\":\"ListItem\",\"position\":1,\"name\":\"Portada\",\"item\":\"https:\/\/sepric.com.mx\/\"},{\"@type\":\"ListItem\",\"position\":2,\"name\":\"Contact\"}]},{\"@type\":\"WebSite\",\"@id\":\"https:\/\/sepric.com.mx\/#website\",\"url\":\"https:\/\/sepric.com.mx\/\",\"name\":\"Sepric Automation Process\",\"description\":\"En Sepric Automation Process, somos l\u00edderes en soluciones de automatizaci\u00f3n industrial, con m\u00e1s de 35 a\u00f1os de experiencia y m\u00e1s de 100 proyectos exitosos. Nos dedicamos a optimizar tus procesos industriales mediante tecnolog\u00edas avanzadas, garantizando eficiencia, seguridad y rentabilidad.\",\"publisher\":{\"@id\":\"https:\/\/sepric.com.mx\/#organization\"},\"potentialAction\":[{\"@type\":\"SearchAction\",\"target\":{\"@type\":\"EntryPoint\",\"urlTemplate\":\"https:\/\/sepric.com.mx\/?s={search_term_string}\"},\"query-input\":{\"@type\":\"PropertyValueSpecification\",\"valueRequired\":true,\"valueName\":\"search_term_string\"}}],\"inLanguage\":\"es\"},{\"@type\":\"Organization\",\"@id\":\"https:\/\/sepric.com.mx\/#organization\",\"name\":\"Sepric Automation Process\",\"url\":\"https:\/\/sepric.com.mx\/\",\"logo\":{\"@type\":\"ImageObject\",\"inLanguage\":\"es\",\"@id\":\"https:\/\/sepric.com.mx\/#\/schema\/logo\/image\/\",\"url\":\"https:\/\/sepric.com.mx\/wp-content\/uploads\/2024\/10\/cropped-cropped-logo-2-1.png\",\"contentUrl\":\"https:\/\/sepric.com.mx\/wp-content\/uploads\/2024\/10\/cropped-cropped-logo-2-1.png\",\"width\":238,\"height\":73,\"caption\":\"Sepric Automation Process\"},\"image\":{\"@id\":\"https:\/\/sepric.com.mx\/#\/schema\/logo\/image\/\"}}]}<\/script>\n<!-- \/ Yoast SEO plugin. -->","yoast_head_json":{"title":"Contact -","robots":{"index":"index","follow":"follow","max-snippet":"max-snippet:-1","max-image-preview":"max-image-preview:large","max-video-preview":"max-video-preview:-1"},"canonical":"https:\/\/sepric.com.mx\/?page_id=1402","og_locale":"es_ES","og_type":"article","og_title":"Contact -","og_description":"Contacto","og_url":"https:\/\/sepric.com.mx\/?page_id=1402","article_modified_time":"2025-02-13T20:01:17+00:00","og_image":[{"width":512,"height":512,"url":"https:\/\/sepric.com.mx\/wp-content\/uploads\/2024\/10\/cropped-logo-2.png","type":"image\/png"}],"twitter_card":"summary_large_image","twitter_misc":{"Tiempo de lectura":"1 minuto"},"schema":{"@context":"https:\/\/schema.org","@graph":[{"@type":"WebPage","@id":"https:\/\/sepric.com.mx\/?page_id=1402","url":"https:\/\/sepric.com.mx\/?page_id=1402","name":"Contact -","isPartOf":{"@id":"https:\/\/sepric.com.mx\/#website"},"datePublished":"2025-02-10T03:00:45+00:00","dateModified":"2025-02-13T20:01:17+00:00","breadcrumb":{"@id":"https:\/\/sepric.com.mx\/?page_id=1402#breadcrumb"},"inLanguage":"es","potentialAction":[{"@type":"ReadAction","target":["https:\/\/sepric.com.mx\/?page_id=1402"]}]},{"@type":"BreadcrumbList","@id":"https:\/\/sepric.com.mx\/?page_id=1402#breadcrumb","itemListElement":[{"@type":"ListItem","position":1,"name":"Portada","item":"https:\/\/sepric.com.mx\/"},{"@type":"ListItem","position":2,"name":"Contact"}]},{"@type":"WebSite","@id":"https:\/\/sepric.com.mx\/#website","url":"https:\/\/sepric.com.mx\/","name":"Sepric Automation Process","description":"En Sepric Automation Process, somos l\u00edderes en soluciones de automatizaci\u00f3n industrial, con m\u00e1s de 35 a\u00f1os de experiencia y m\u00e1s de 100 proyectos exitosos. Nos dedicamos a optimizar tus procesos industriales mediante tecnolog\u00edas avanzadas, garantizando eficiencia, seguridad y rentabilidad.","publisher":{"@id":"https:\/\/sepric.com.mx\/#organization"},"potentialAction":[{"@type":"SearchAction","target":{"@type":"EntryPoint","urlTemplate":"https:\/\/sepric.com.mx\/?s={search_term_string}"},"query-input":{"@type":"PropertyValueSpecification","valueRequired":true,"valueName":"search_term_string"}}],"inLanguage":"es"},{"@type":"Organization","@id":"https:\/\/sepric.com.mx\/#organization","name":"Sepric Automation Process","url":"https:\/\/sepric.com.mx\/","logo":{"@type":"ImageObject","inLanguage":"es","@id":"https:\/\/sepric.com.mx\/#\/schema\/logo\/image\/","url":"https:\/\/sepric.com.mx\/wp-content\/uploads\/2024\/10\/cropped-cropped-logo-2-1.png","contentUrl":"https:\/\/sepric.com.mx\/wp-content\/uploads\/2024\/10\/cropped-cropped-logo-2-1.png","width":238,"height":73,"caption":"Sepric Automation Process"},"image":{"@id":"https:\/\/sepric.com.mx\/#\/schema\/logo\/image\/"}}]}},"uagb_featured_image_src":{"full":false,"thumbnail":false,"medium":false,"medium_large":false,"large":false,"1536x1536":false,"2048x2048":false},"uagb_author_info":{"display_name":"DAMIAN","author_link":"https:\/\/sepric.com.mx\/?author=1"},"uagb_comment_info":0,"uagb_excerpt":"Contacto","_links":{"self":[{"href":"https:\/\/sepric.com.mx\/index.php?rest_route=\/wp\/v2\/pages\/1402","targetHints":{"allow":["GET"]}}],"collection":[{"href":"https:\/\/sepric.com.mx\/index.php?rest_route=\/wp\/v2\/pages"}],"about":[{"href":"https:\/\/sepric.com.mx\/index.php?rest_route=\/wp\/v2\/types\/page"}],"author":[{"embeddable":true,"href":"https:\/\/sepric.com.mx\/index.php?rest_route=\/wp\/v2\/users\/1"}],"replies":[{"embeddable":true,"href":"https:\/\/sepric.com.mx\/index.php?rest_route=%2Fwp%2Fv2%2Fcomments&post=1402"}],"version-history":[{"count":5,"href":"https:\/\/sepric.com.mx\/index.php?rest_route=\/wp\/v2\/pages\/1402\/revisions"}],"predecessor-version":[{"id":1681,"href":"https:\/\/sepric.com.mx\/index.php?rest_route=\/wp\/v2\/pages\/1402\/revisions\/1681"}],"wp:attachment":[{"href":"https:\/\/sepric.com.mx\/index.php?rest_route=%2Fwp%2Fv2%2Fmedia&parent=1402"}],"curies":[{"name":"wp","href":"https:\/\/api.w.org\/{rel}","templated":true}]}}